{"id":322,"date":"2019-08-23T08:05:50","date_gmt":"2019-08-23T08:05:50","guid":{"rendered":"https:\/\/www.thehotelputje.com\/site-map\/"},"modified":"2019-10-30T10:57:52","modified_gmt":"2019-10-30T10:57:52","slug":"plan-du-site","status":"publish","type":"page","link":"https:\/\/www.thehotelputje.com\/fr\/plan-du-site\/","title":{"rendered":"Plan du Site"},"content":{"rendered":"<div class=\"fusion-fullwidth fullwidth-box fusion-builder-row-1 nonhundred-percent-fullwidth non-hundred-percent-height-scrolling\" style=\"--awb-border-radius-top-left:0px;--awb-border-radius-top-right:0px;--awb-border-radius-bottom-right:0px;--awb-border-radius-bottom-left:0px;--awb-flex-wrap:wrap;\" ><div class=\"fusion-builder-row fusion-row\"><div class=\"fusion-layout-column fusion_builder_column fusion-builder-column-0 fusion_builder_column_1_2 1_2 fusion-one-half fusion-column-first\" style=\"--awb-bg-size:cover;width:50%;width:calc(50% - ( ( 4% ) * 0.5 ) );margin-right: 4%;\"><div class=\"fusion-column-wrapper fusion-column-has-shadow fusion-flex-column-wrapper-legacy\"><div class=\"fusion-text fusion-text-1\"><div class=\"wsp-container\"><h2 class=\"wsp-pages-title\">Pages<\/h2>\n<ul class=\"wsp-pages-list\">\n<li class=\"page_item page-item-322\"><a href=\"https:\/\/www.thehotelputje.com\/fr\/plan-du-site\/\">Plan du Site<\/a><\/li>\n<li class=\"page_item page-item-324\"><a href=\"https:\/\/www.thehotelputje.com\/fr\/services\/\">Services<\/a><\/li>\n<li class=\"page_item page-item-328\"><a href=\"https:\/\/www.thehotelputje.com\/fr\/hebergement\/\">Rooms<\/a><\/li>\n<li class=\"page_item page-item-335\"><a href=\"https:\/\/www.thehotelputje.com\/fr\/localisation\/\">Localisation<\/a><\/li>\n<li class=\"page_item page-item-337\"><a href=\"https:\/\/www.thehotelputje.com\/fr\/\">Hotel<\/a><\/li>\n<li class=\"page_item page-item-339\"><a href=\"https:\/\/www.thehotelputje.com\/fr\/galerie-photos\/\">Galerie<\/a><\/li>\n<li class=\"page_item page-item-340\"><a href=\"https:\/\/www.thehotelputje.com\/fr\/info-sur-societe\/\">Informations sur la Soci\u00e9t\u00e9<\/a><\/li>\n<li class=\"page_item page-item-343\"><a href=\"https:\/\/www.thehotelputje.com\/fr\/conditions-de-reservation\/\">Conditions de R\u00e9servation<\/a><\/li>\n<li class=\"page_item page-item-345\"><a href=\"https:\/\/www.thehotelputje.com\/fr\/meilleur-prix-garanti\/\">La garantie du meilleur prix<\/a><\/li>\n<\/ul>\n<\/div>\n<\/div><div class=\"fusion-clearfix\"><\/div><\/div><\/div><div class=\"fusion-layout-column fusion_builder_column fusion-builder-column-1 fusion_builder_column_1_2 1_2 fusion-one-half fusion-column-last\" style=\"--awb-bg-size:cover;width:50%;width:calc(50% - ( ( 4% ) * 0.5 ) );\"><div class=\"fusion-column-wrapper fusion-column-has-shadow fusion-flex-column-wrapper-legacy\"><div class=\"fusion-button-wrapper\"><a class=\"fusion-button button-flat fusion-button-default-size button-default fusion-button-default button-1 fusion-button-default-span fusion-button-default-type\" target=\"_blank\" rel=\"noopener noreferrer\" href=\"\/page-sitemap.xml\"><i class=\"fa-file-code far awb-button__icon awb-button__icon--default button-icon-left\" aria-hidden=\"true\"><\/i><span class=\"fusion-button-text awb-button__text awb-button__text--default\">XML Sitemap<\/span><\/a><\/div><div class=\"fusion-clearfix\"><\/div><\/div><\/div><\/div><\/div>\n","protected":false},"excerpt":{"rendered":"","protected":false},"author":1,"featured_media":0,"parent":0,"menu_order":0,"comment_status":"closed","ping_status":"closed","template":"","meta":{"footnotes":""},"class_list":["post-322","page","type-page","status-publish","hentry"],"yoast_head":"<!-- This site is optimized with the Yoast SEO plugin v27.2 - https:\/\/yoast.com\/product\/yoast-seo-wordpress\/ -->\n<title>Plan du Site - Hotel Restaurant &#039;t Putje - Site Officiel<\/title>\n<meta name=\"description\" content=\"Plan du site officiel - &#039;t Putje Hotel &amp; Restaurant \u00e0 Bruges - Acc\u00e8s facile \u00e0 tout le contenu de notre site Internet. H\u00f4tel 3 \u00e9toiles dans le centre-ville de Bruges, Belgique\" \/>\n<meta name=\"robots\" content=\"index, follow, max-snippet:-1, max-image-preview:large, max-video-preview:-1\" \/>\n<link rel=\"canonical\" href=\"https:\/\/www.thehotelputje.com\/fr\/plan-du-site\/\" \/>\n<meta property=\"og:locale\" content=\"fr_FR\" \/>\n<meta property=\"og:type\" content=\"article\" \/>\n<meta property=\"og:title\" content=\"Plan du Site - Hotel Restaurant &#039;t Putje - Site Officiel\" \/>\n<meta property=\"og:description\" content=\"Plan du site officiel - &#039;t Putje Hotel &amp; Restaurant \u00e0 Bruges - Acc\u00e8s facile \u00e0 tout le contenu de notre site Internet. H\u00f4tel 3 \u00e9toiles dans le centre-ville de Bruges, Belgique\" \/>\n<meta property=\"og:url\" content=\"https:\/\/www.thehotelputje.com\/fr\/plan-du-site\/\" \/>\n<meta property=\"og:site_name\" content=\"Hotel Restaurant &#039;t Putje\" \/>\n<meta property=\"article:modified_time\" content=\"2019-10-30T10:57:52+00:00\" \/>\n<meta name=\"twitter:card\" content=\"summary_large_image\" \/>\n<meta name=\"twitter:label1\" content=\"Dur\u00e9e de lecture estim\u00e9e\" \/>\n\t<meta name=\"twitter:data1\" content=\"2 minutes\" \/>\n<script type=\"application\/ld+json\" class=\"yoast-schema-graph\">{\"@context\":\"https:\/\/schema.org\",\"@graph\":[{\"@type\":\"WebPage\",\"@id\":\"https:\/\/www.thehotelputje.com\/fr\/plan-du-site\/\",\"url\":\"https:\/\/www.thehotelputje.com\/fr\/plan-du-site\/\",\"name\":\"Plan du Site - Hotel Restaurant 't Putje - Site Officiel\",\"isPartOf\":{\"@id\":\"https:\/\/www.thehotelputje.com\/fr\/#website\"},\"datePublished\":\"2019-08-23T08:05:50+00:00\",\"dateModified\":\"2019-10-30T10:57:52+00:00\",\"description\":\"Plan du site officiel - 't Putje Hotel & Restaurant \u00e0 Bruges - Acc\u00e8s facile \u00e0 tout le contenu de notre site Internet. H\u00f4tel 3 \u00e9toiles dans le centre-ville de Bruges, Belgique\",\"breadcrumb\":{\"@id\":\"https:\/\/www.thehotelputje.com\/fr\/plan-du-site\/#breadcrumb\"},\"inLanguage\":\"fr-FR\",\"potentialAction\":[{\"@type\":\"ReadAction\",\"target\":[\"https:\/\/www.thehotelputje.com\/fr\/plan-du-site\/\"]}]},{\"@type\":\"BreadcrumbList\",\"@id\":\"https:\/\/www.thehotelputje.com\/fr\/plan-du-site\/#breadcrumb\",\"itemListElement\":[{\"@type\":\"ListItem\",\"position\":1,\"name\":\"Home\",\"item\":\"https:\/\/www.thehotelputje.com\/fr\/\"},{\"@type\":\"ListItem\",\"position\":2,\"name\":\"Plan du Site\"}]},{\"@type\":\"WebSite\",\"@id\":\"https:\/\/www.thehotelputje.com\/fr\/#website\",\"url\":\"https:\/\/www.thehotelputje.com\/fr\/\",\"name\":\"Hotel Restaurant &#039;t Putje\",\"description\":\"Hotel Restaurant &#039;t Putje\",\"potentialAction\":[{\"@type\":\"SearchAction\",\"target\":{\"@type\":\"EntryPoint\",\"urlTemplate\":\"https:\/\/www.thehotelputje.com\/fr\/?s={search_term_string}\"},\"query-input\":{\"@type\":\"PropertyValueSpecification\",\"valueRequired\":true,\"valueName\":\"search_term_string\"}}],\"inLanguage\":\"fr-FR\"}]}<\/script>\n<!-- \/ Yoast SEO plugin. -->","yoast_head_json":{"title":"Plan du Site - Hotel Restaurant 't Putje - Site Officiel","description":"Plan du site officiel - 't Putje Hotel & Restaurant \u00e0 Bruges - Acc\u00e8s facile \u00e0 tout le contenu de notre site Internet. H\u00f4tel 3 \u00e9toiles dans le centre-ville de Bruges, Belgique","robots":{"index":"index","follow":"follow","max-snippet":"max-snippet:-1","max-image-preview":"max-image-preview:large","max-video-preview":"max-video-preview:-1"},"canonical":"https:\/\/www.thehotelputje.com\/fr\/plan-du-site\/","og_locale":"fr_FR","og_type":"article","og_title":"Plan du Site - Hotel Restaurant 't Putje - Site Officiel","og_description":"Plan du site officiel - 't Putje Hotel & Restaurant \u00e0 Bruges - Acc\u00e8s facile \u00e0 tout le contenu de notre site Internet. H\u00f4tel 3 \u00e9toiles dans le centre-ville de Bruges, Belgique","og_url":"https:\/\/www.thehotelputje.com\/fr\/plan-du-site\/","og_site_name":"Hotel Restaurant &#039;t Putje","article_modified_time":"2019-10-30T10:57:52+00:00","twitter_card":"summary_large_image","twitter_misc":{"Dur\u00e9e de lecture estim\u00e9e":"2 minutes"},"schema":{"@context":"https:\/\/schema.org","@graph":[{"@type":"WebPage","@id":"https:\/\/www.thehotelputje.com\/fr\/plan-du-site\/","url":"https:\/\/www.thehotelputje.com\/fr\/plan-du-site\/","name":"Plan du Site - Hotel Restaurant 't Putje - Site Officiel","isPartOf":{"@id":"https:\/\/www.thehotelputje.com\/fr\/#website"},"datePublished":"2019-08-23T08:05:50+00:00","dateModified":"2019-10-30T10:57:52+00:00","description":"Plan du site officiel - 't Putje Hotel & Restaurant \u00e0 Bruges - Acc\u00e8s facile \u00e0 tout le contenu de notre site Internet. H\u00f4tel 3 \u00e9toiles dans le centre-ville de Bruges, Belgique","breadcrumb":{"@id":"https:\/\/www.thehotelputje.com\/fr\/plan-du-site\/#breadcrumb"},"inLanguage":"fr-FR","potentialAction":[{"@type":"ReadAction","target":["https:\/\/www.thehotelputje.com\/fr\/plan-du-site\/"]}]},{"@type":"BreadcrumbList","@id":"https:\/\/www.thehotelputje.com\/fr\/plan-du-site\/#breadcrumb","itemListElement":[{"@type":"ListItem","position":1,"name":"Home","item":"https:\/\/www.thehotelputje.com\/fr\/"},{"@type":"ListItem","position":2,"name":"Plan du Site"}]},{"@type":"WebSite","@id":"https:\/\/www.thehotelputje.com\/fr\/#website","url":"https:\/\/www.thehotelputje.com\/fr\/","name":"Hotel Restaurant &#039;t Putje","description":"Hotel Restaurant &#039;t Putje","potentialAction":[{"@type":"SearchAction","target":{"@type":"EntryPoint","urlTemplate":"https:\/\/www.thehotelputje.com\/fr\/?s={search_term_string}"},"query-input":{"@type":"PropertyValueSpecification","valueRequired":true,"valueName":"search_term_string"}}],"inLanguage":"fr-FR"}]}},"_links":{"self":[{"href":"https:\/\/www.thehotelputje.com\/fr\/wp-json\/wp\/v2\/pages\/322","targetHints":{"allow":["GET"]}}],"collection":[{"href":"https:\/\/www.thehotelputje.com\/fr\/wp-json\/wp\/v2\/pages"}],"about":[{"href":"https:\/\/www.thehotelputje.com\/fr\/wp-json\/wp\/v2\/types\/page"}],"author":[{"embeddable":true,"href":"https:\/\/www.thehotelputje.com\/fr\/wp-json\/wp\/v2\/users\/1"}],"replies":[{"embeddable":true,"href":"https:\/\/www.thehotelputje.com\/fr\/wp-json\/wp\/v2\/comments?post=322"}],"version-history":[{"count":0,"href":"https:\/\/www.thehotelputje.com\/fr\/wp-json\/wp\/v2\/pages\/322\/revisions"}],"wp:attachment":[{"href":"https:\/\/www.thehotelputje.com\/fr\/wp-json\/wp\/v2\/media?parent=322"}],"curies":[{"name":"wp","href":"https:\/\/api.w.org\/{rel}","templated":true}]}}