{"id":324,"date":"2019-08-21T16:06:54","date_gmt":"2019-08-21T16:06:54","guid":{"rendered":"https:\/\/www.thehotelputje.com\/services\/"},"modified":"2026-01-26T14:50:24","modified_gmt":"2026-01-26T14:50:24","slug":"services","status":"publish","type":"page","link":"https:\/\/www.thehotelputje.com\/fr\/services\/","title":{"rendered":"Services"},"content":{"rendered":"<div class=\"fusion-fullwidth fullwidth-box fusion-builder-row-1 nonhundred-percent-fullwidth non-hundred-percent-height-scrolling\" style=\"--awb-border-radius-top-left:0px;--awb-border-radius-top-right:0px;--awb-border-radius-bottom-right:0px;--awb-border-radius-bottom-left:0px;--awb-flex-wrap:wrap;\" ><div class=\"fusion-builder-row fusion-row\"><div class=\"fusion-layout-column fusion_builder_column fusion-builder-column-0 fusion_builder_column_1_1 1_1 fusion-one-full fusion-column-first fusion-column-last\" style=\"--awb-bg-blend:overlay;--awb-bg-size:cover;\"><div class=\"fusion-column-wrapper fusion-column-has-shadow fusion-flex-column-wrapper-legacy\"><div class=\"fusion-title title fusion-title-1 fusion-title-text fusion-title-size-one\"><h1 class=\"fusion-title-heading title-heading-left\" style=\"margin:0;\">Installations &amp; Services de l&rsquo;H\u00f4tel<\/h1><span class=\"awb-title-spacer\"><\/span><div class=\"title-sep-container\"><div class=\"title-sep sep-double sep-solid\" style=\"border-color:#e0dede;\"><\/div><\/div><\/div><div class=\"fusion-content-boxes content-boxes columns row fusion-columns-3 fusion-columns-total-9 fusion-content-boxes-1 content-boxes-icon-on-top content-left\" style=\"--awb-iconcolor:#ffffff;--awb-hover-accent-color:#9e9e9e;--awb-circle-hover-accent-color:#9e9e9e;\" data-animationOffset=\"top-into-view\"><div style=\"--awb-backgroundcolor:rgba(255,255,255,0);--awb-iconcolor:#ffffff;\" class=\"fusion-column content-box-column content-box-column content-box-column-1 col-lg-4 col-md-4 col-sm-4 fusion-content-box-hover content-box-column-first-in-row\"><div class=\"col content-box-wrapper content-wrapper link-area-link-icon icon-hover-animation-fade\" data-animationOffset=\"top-into-view\"><div class=\"heading heading-with-icon icon-left\"><div class=\"icon\"><i style=\"border-color:#333333;border-width:0px;background-color:#bf0000;box-sizing:content-box;height:64px;width:64px;line-height:64px;border-radius:100%;font-size:32px;\" aria-hidden=\"true\" class=\"fontawesome-icon fa-heart fas circle-yes\"><\/i><\/div><h2 class=\"content-box-heading\" style=\"--h2_typography-font-size:18px;line-height:23px;\">Localisation<\/h2><\/div><div class=\"fusion-clearfix\"><\/div><div class=\"content-container\">\n<p><span style=\"font-weight: 400;\">Le T Putje Bruges est situ\u00e9 dans le centre-ville m\u00e9di\u00e9val, juste en face de la salle de concert et \u00e0 10 minutes \u00e0 pied de la place du march\u00e9 et du beffroi de Bruges.<\/span><\/p>\n<\/div><\/div><\/div><div style=\"--awb-backgroundcolor:rgba(255,255,255,0);--awb-iconcolor:#ffffff;\" class=\"fusion-column content-box-column content-box-column content-box-column-2 col-lg-4 col-md-4 col-sm-4 fusion-content-box-hover \"><div class=\"col content-box-wrapper content-wrapper link-area-link-icon icon-hover-animation-fade\" data-animationOffset=\"top-into-view\"><div class=\"heading heading-with-icon icon-left\"><div class=\"icon\"><i style=\"border-color:#333333;border-width:0px;background-color:#bf0000;box-sizing:content-box;height:64px;width:64px;line-height:64px;border-radius:100%;font-size:32px;\" aria-hidden=\"true\" class=\"fontawesome-icon fa-euro-sign fas circle-yes\"><\/i><\/div><h2 class=\"content-box-heading\" style=\"--h2_typography-font-size:18px;line-height:23px;\">Meilleur Tarif Garanti<\/h2><\/div><div class=\"fusion-clearfix\"><\/div><div class=\"content-container\">\n<p><span style=\"font-weight: 400;\">B\u00e9n\u00e9ficiez des meilleurs tarifs en r\u00e9servant sur notre site web ou en contactant directement l&rsquo;h\u00f4tel. Le meilleur tarif est garanti!<\/span><\/p>\n<\/div><\/div><\/div><div style=\"--awb-backgroundcolor:rgba(255,255,255,0);--awb-iconcolor:#ffffff;\" class=\"fusion-column content-box-column content-box-column content-box-column-3 col-lg-4 col-md-4 col-sm-4 fusion-content-box-hover content-box-column-last-in-row\"><div class=\"col content-box-wrapper content-wrapper link-area-link-icon icon-hover-animation-fade\" data-animationOffset=\"top-into-view\"><div class=\"heading heading-with-icon icon-left\"><div class=\"icon\"><i style=\"border-color:#333333;border-width:0px;background-color:#bf0000;box-sizing:content-box;height:64px;width:64px;line-height:64px;border-radius:100%;font-size:32px;\" aria-hidden=\"true\" class=\"fontawesome-icon fa-wifi fas circle-yes\"><\/i><\/div><h2 class=\"content-box-heading\" style=\"--h2_typography-font-size:18px;line-height:23px;\">Wi-Fi<\/h2><\/div><div class=\"fusion-clearfix\"><\/div><div class=\"content-container\">\n<p><span style=\"font-weight: 400;\">Connexion Wi-Fi gratuite disponible dans les chambres et les parties communes.<\/span><\/p>\n<\/div><\/div><\/div><div style=\"--awb-backgroundcolor:rgba(255,255,255,0);--awb-iconcolor:#ffffff;\" class=\"fusion-column content-box-column content-box-column content-box-column-4 col-lg-4 col-md-4 col-sm-4 fusion-content-box-hover content-box-column-first-in-row\"><div class=\"col content-box-wrapper content-wrapper link-area-link-icon icon-hover-animation-fade\" data-animationOffset=\"top-into-view\"><div class=\"heading heading-with-icon icon-left\"><div class=\"icon\"><i style=\"border-color:#333333;border-width:0px;background-color:#bf0000;box-sizing:content-box;height:64px;width:64px;line-height:64px;border-radius:100%;font-size:32px;\" aria-hidden=\"true\" class=\"fontawesome-icon fa-coffee fas circle-yes\"><\/i><\/div><h2 class=\"content-box-heading\" style=\"--h2_typography-font-size:18px;line-height:23px;\">Petit D\u00e9jeuner<\/h2><\/div><div class=\"fusion-clearfix\"><\/div><div class=\"content-container\">\n<p><span style=\"font-weight: 400;\">L&rsquo;H\u00f4tel &lsquo;t Putje sert chaque matin un petit-d\u00e9jeuner buffet continental de 7h00 \u00e0 10h00. Le buffet comprend une grande vari\u00e9t\u00e9 de p\u00e2tisseries, pains, fromages, viandes, \u0153ufs, fruits, yaourts, boissons, etc.<\/span><\/p>\n<\/div><\/div><\/div><div style=\"--awb-backgroundcolor:rgba(255,255,255,0);--awb-iconcolor:#ffffff;\" class=\"fusion-column content-box-column content-box-column content-box-column-5 col-lg-4 col-md-4 col-sm-4 fusion-content-box-hover \"><div class=\"col content-box-wrapper content-wrapper link-area-link-icon icon-hover-animation-fade\" data-animationOffset=\"top-into-view\"><div class=\"heading heading-with-icon icon-left\"><div class=\"icon\"><i style=\"border-color:#333333;border-width:0px;background-color:#bf0000;box-sizing:content-box;height:64px;width:64px;line-height:64px;border-radius:100%;font-size:32px;\" aria-hidden=\"true\" class=\"fontawesome-icon fa-key fas circle-yes\"><\/i><\/div><h2 class=\"content-box-heading\" style=\"--h2_typography-font-size:18px;line-height:23px;\">Heure d'Arriv\u00e9e et de D\u00e9part<\/h2><\/div><div class=\"fusion-clearfix\"><\/div><div class=\"content-container\">\n<p><span style=\"font-weight: 400;\">L&rsquo;enregistrement est disponible \u00e0 partir de 14h (enregistrement anticip\u00e9 sous r\u00e9serve de disponibilit\u00e9).<\/span><\/p>\n<p>*Vous pouvez d\u00e9poser vos bagages \u00e0 partir de 8h00<\/p>\n<p><span style=\"font-weight: 400;\">Le check-out est possible jusqu&rsquo;\u00e0 11h<\/span><\/p>\n<p>*Du <strong>1er f\u00e9vrier<\/strong> au <strong>1er mai, le service de consigne \u00e0 bagages n&rsquo;est pas disponible<\/strong><\/p>\n<\/div><\/div><\/div><div style=\"--awb-backgroundcolor:rgba(255,255,255,0);--awb-iconcolor:#ffffff;\" class=\"fusion-column content-box-column content-box-column content-box-column-6 col-lg-4 col-md-4 col-sm-4 fusion-content-box-hover content-box-column-last-in-row\"><div class=\"col content-box-wrapper content-wrapper link-area-link-icon icon-hover-animation-fade\" data-animationOffset=\"top-into-view\"><div class=\"heading heading-with-icon icon-left\"><div class=\"icon\"><i style=\"border-color:#333333;border-width:0px;background-color:#bf0000;box-sizing:content-box;height:64px;width:64px;line-height:64px;border-radius:100%;font-size:32px;\" aria-hidden=\"true\" class=\"fontawesome-icon fa-concierge-bell fas circle-yes\"><\/i><\/div><h2 class=\"content-box-heading\" style=\"--h2_typography-font-size:18px;line-height:23px;\">24h\/24, 7j\/7<\/h2><\/div><div class=\"fusion-clearfix\"><\/div><div class=\"content-container\">\n<p><span style=\"font-weight: 400;\">Notre personnel de r\u00e9ception est disponible 24h sur 24, les 7 jours de la semaine. Vous pourrez \u00e9galement profiter d&rsquo;un bureau d&rsquo;excursions.<\/span><\/p>\n<\/div><\/div><\/div><div style=\"--awb-backgroundcolor:rgba(255,255,255,0);--awb-iconcolor:#ffffff;\" class=\"fusion-column content-box-column content-box-column content-box-column-7 col-lg-4 col-md-4 col-sm-4 fusion-content-box-hover content-box-column-first-in-row\"><div class=\"col content-box-wrapper content-wrapper link-area-link-icon icon-hover-animation-fade\" data-animationOffset=\"top-into-view\"><div class=\"heading heading-with-icon icon-left\"><div class=\"icon\"><i style=\"border-color:#333333;border-width:0px;background-color:#bf0000;box-sizing:content-box;height:64px;width:64px;line-height:64px;border-radius:100%;font-size:32px;\" aria-hidden=\"true\" class=\"fontawesome-icon fa-smoking-ban fas circle-yes\"><\/i><\/div><h2 class=\"content-box-heading\" style=\"--h2_typography-font-size:18px;line-height:23px;\">Non fumeur<\/h2><\/div><div class=\"fusion-clearfix\"><\/div><div class=\"content-container\">\n<p><span style=\"font-weight: 400;\">Il est interdit de fumer dans toutes les chambres et les parties communes de l&rsquo;h\u00f4tel &lsquo;t Putje.<\/span><\/p>\n<\/div><\/div><\/div><div style=\"--awb-backgroundcolor:rgba(255,255,255,0);--awb-iconcolor:#ffffff;\" class=\"fusion-column content-box-column content-box-column content-box-column-8 col-lg-4 col-md-4 col-sm-4 fusion-content-box-hover \"><div class=\"col content-box-wrapper content-wrapper link-area-link-icon icon-hover-animation-fade\" data-animationOffset=\"top-into-view\"><div class=\"heading heading-with-icon icon-left\"><div class=\"icon\"><i style=\"border-color:#333333;border-width:0px;background-color:#bf0000;box-sizing:content-box;height:64px;width:64px;line-height:64px;border-radius:100%;font-size:32px;\" aria-hidden=\"true\" class=\"fontawesome-icon fa-calendar-check far circle-yes\"><\/i><\/div><h2 class=\"content-box-heading\" style=\"--h2_typography-font-size:18px;line-height:23px;\">Conditions de R\u00e9servation<\/h2><\/div><div class=\"fusion-clearfix\"><\/div><div class=\"content-container\">\n<p><b>Politique d&rsquo;annulation du tarif flexible<\/b><span style=\"font-weight: 400;\">: Vous pouvez annuler votre r\u00e9servation sans frais jusqu&rsquo;\u00e0 2 jours avant l&rsquo;arriv\u00e9e. Le montant total vous sera factur\u00e9 si vous annulez dans les 2 jours pr\u00e9c\u00e9dant votre arriv\u00e9e.<\/span><\/p>\n<p><strong>Politique d&rsquo;annulation du tarif non remboursable<\/strong>: En cas d&rsquo;annulation, de modification ou de non-pr\u00e9sentation, le montant total de la r\u00e9servation sera d\u00e9bit\u00e9.<\/p>\n<\/div><\/div><\/div><div style=\"--awb-backgroundcolor:rgba(255,255,255,0);--awb-iconcolor:#ffffff;\" class=\"fusion-column content-box-column content-box-column content-box-column-9 col-lg-4 col-md-4 col-sm-4 fusion-content-box-hover content-box-column-last content-box-column-last-in-row\"><div class=\"col content-box-wrapper content-wrapper link-area-link-icon icon-hover-animation-fade\" data-animationOffset=\"top-into-view\"><div class=\"heading heading-with-icon icon-left\"><div class=\"icon\"><i style=\"border-color:#333333;border-width:0px;background-color:#bf0000;box-sizing:content-box;height:64px;width:64px;line-height:64px;border-radius:100%;font-size:32px;\" aria-hidden=\"true\" class=\"fontawesome-icon fa-dollar-sign fas circle-yes\"><\/i><\/div><h2 class=\"content-box-heading\" style=\"--h2_typography-font-size:18px;line-height:23px;\">Taxe de S\u00e9jour<\/h2><\/div><div class=\"fusion-clearfix\"><\/div><div class=\"content-container\">\n<p><span style=\"font-weight: 400;\">Le prix total de la chambre et de la taxe de s\u00e9jour de 4,00 \u20ac par personne et par nuit, seront factur\u00e9s au moment de la r\u00e9servation.<\/span><\/p>\n<\/div><\/div><\/div><div class=\"fusion-clearfix\"><\/div><\/div><div class=\"fusion-clearfix\"><\/div><\/div><\/div><\/div><\/div>\n","protected":false},"excerpt":{"rendered":"","protected":false},"author":1,"featured_media":0,"parent":0,"menu_order":0,"comment_status":"closed","ping_status":"closed","template":"","meta":{"footnotes":""},"class_list":["post-324","page","type-page","status-publish","hentry"],"yoast_head":"<!-- This site is optimized with the Yoast SEO plugin v27.2 - https:\/\/yoast.com\/product\/yoast-seo-wordpress\/ -->\n<title>Services et Installations - Hotel &#039;t Putje 3* \u00e0 Bruges, Belgique<\/title>\n<meta name=\"description\" content=\"A la recherche d&#039;un h\u00f4tel 3 \u00e9toiles dans le centre de Bruges? D\u00e9couvrez les installations et les services de l&#039;h\u00f4tel &#039;t Putje \u00e0 Bruges, en Flandre occidentale.\" \/>\n<meta name=\"robots\" content=\"index, follow, max-snippet:-1, max-image-preview:large, max-video-preview:-1\" \/>\n<link rel=\"canonical\" href=\"https:\/\/www.thehotelputje.com\/fr\/services\/\" \/>\n<meta property=\"og:locale\" content=\"fr_FR\" \/>\n<meta property=\"og:type\" content=\"article\" \/>\n<meta property=\"og:title\" content=\"Services et Installations - Hotel &#039;t Putje 3* \u00e0 Bruges, Belgique\" \/>\n<meta property=\"og:description\" content=\"A la recherche d&#039;un h\u00f4tel 3 \u00e9toiles dans le centre de Bruges? D\u00e9couvrez les installations et les services de l&#039;h\u00f4tel &#039;t Putje \u00e0 Bruges, en Flandre occidentale.\" \/>\n<meta property=\"og:url\" content=\"https:\/\/www.thehotelputje.com\/fr\/services\/\" \/>\n<meta property=\"og:site_name\" content=\"Hotel Restaurant &#039;t Putje\" \/>\n<meta property=\"article:modified_time\" content=\"2026-01-26T14:50:24+00:00\" \/>\n<meta name=\"twitter:card\" content=\"summary_large_image\" \/>\n<meta name=\"twitter:label1\" content=\"Dur\u00e9e de lecture estim\u00e9e\" \/>\n\t<meta name=\"twitter:data1\" content=\"2 minutes\" \/>\n<script type=\"application\/ld+json\" class=\"yoast-schema-graph\">{\"@context\":\"https:\/\/schema.org\",\"@graph\":[{\"@type\":\"WebPage\",\"@id\":\"https:\/\/www.thehotelputje.com\/fr\/services\/\",\"url\":\"https:\/\/www.thehotelputje.com\/fr\/services\/\",\"name\":\"Services et Installations - Hotel 't Putje 3* \u00e0 Bruges, Belgique\",\"isPartOf\":{\"@id\":\"https:\/\/www.thehotelputje.com\/fr\/#website\"},\"datePublished\":\"2019-08-21T16:06:54+00:00\",\"dateModified\":\"2026-01-26T14:50:24+00:00\",\"description\":\"A la recherche d'un h\u00f4tel 3 \u00e9toiles dans le centre de Bruges? D\u00e9couvrez les installations et les services de l'h\u00f4tel 't Putje \u00e0 Bruges, en Flandre occidentale.\",\"breadcrumb\":{\"@id\":\"https:\/\/www.thehotelputje.com\/fr\/services\/#breadcrumb\"},\"inLanguage\":\"fr-FR\",\"potentialAction\":[{\"@type\":\"ReadAction\",\"target\":[\"https:\/\/www.thehotelputje.com\/fr\/services\/\"]}]},{\"@type\":\"BreadcrumbList\",\"@id\":\"https:\/\/www.thehotelputje.com\/fr\/services\/#breadcrumb\",\"itemListElement\":[{\"@type\":\"ListItem\",\"position\":1,\"name\":\"Home\",\"item\":\"https:\/\/www.thehotelputje.com\/fr\/\"},{\"@type\":\"ListItem\",\"position\":2,\"name\":\"Services\"}]},{\"@type\":\"WebSite\",\"@id\":\"https:\/\/www.thehotelputje.com\/fr\/#website\",\"url\":\"https:\/\/www.thehotelputje.com\/fr\/\",\"name\":\"Hotel Restaurant &#039;t Putje\",\"description\":\"Hotel Restaurant &#039;t Putje\",\"potentialAction\":[{\"@type\":\"SearchAction\",\"target\":{\"@type\":\"EntryPoint\",\"urlTemplate\":\"https:\/\/www.thehotelputje.com\/fr\/?s={search_term_string}\"},\"query-input\":{\"@type\":\"PropertyValueSpecification\",\"valueRequired\":true,\"valueName\":\"search_term_string\"}}],\"inLanguage\":\"fr-FR\"}]}<\/script>\n<!-- \/ Yoast SEO plugin. -->","yoast_head_json":{"title":"Services et Installations - Hotel 't Putje 3* \u00e0 Bruges, Belgique","description":"A la recherche d'un h\u00f4tel 3 \u00e9toiles dans le centre de Bruges? D\u00e9couvrez les installations et les services de l'h\u00f4tel 't Putje \u00e0 Bruges, en Flandre occidentale.","robots":{"index":"index","follow":"follow","max-snippet":"max-snippet:-1","max-image-preview":"max-image-preview:large","max-video-preview":"max-video-preview:-1"},"canonical":"https:\/\/www.thehotelputje.com\/fr\/services\/","og_locale":"fr_FR","og_type":"article","og_title":"Services et Installations - Hotel 't Putje 3* \u00e0 Bruges, Belgique","og_description":"A la recherche d'un h\u00f4tel 3 \u00e9toiles dans le centre de Bruges? D\u00e9couvrez les installations et les services de l'h\u00f4tel 't Putje \u00e0 Bruges, en Flandre occidentale.","og_url":"https:\/\/www.thehotelputje.com\/fr\/services\/","og_site_name":"Hotel Restaurant &#039;t Putje","article_modified_time":"2026-01-26T14:50:24+00:00","twitter_card":"summary_large_image","twitter_misc":{"Dur\u00e9e de lecture estim\u00e9e":"2 minutes"},"schema":{"@context":"https:\/\/schema.org","@graph":[{"@type":"WebPage","@id":"https:\/\/www.thehotelputje.com\/fr\/services\/","url":"https:\/\/www.thehotelputje.com\/fr\/services\/","name":"Services et Installations - Hotel 't Putje 3* \u00e0 Bruges, Belgique","isPartOf":{"@id":"https:\/\/www.thehotelputje.com\/fr\/#website"},"datePublished":"2019-08-21T16:06:54+00:00","dateModified":"2026-01-26T14:50:24+00:00","description":"A la recherche d'un h\u00f4tel 3 \u00e9toiles dans le centre de Bruges? D\u00e9couvrez les installations et les services de l'h\u00f4tel 't Putje \u00e0 Bruges, en Flandre occidentale.","breadcrumb":{"@id":"https:\/\/www.thehotelputje.com\/fr\/services\/#breadcrumb"},"inLanguage":"fr-FR","potentialAction":[{"@type":"ReadAction","target":["https:\/\/www.thehotelputje.com\/fr\/services\/"]}]},{"@type":"BreadcrumbList","@id":"https:\/\/www.thehotelputje.com\/fr\/services\/#breadcrumb","itemListElement":[{"@type":"ListItem","position":1,"name":"Home","item":"https:\/\/www.thehotelputje.com\/fr\/"},{"@type":"ListItem","position":2,"name":"Services"}]},{"@type":"WebSite","@id":"https:\/\/www.thehotelputje.com\/fr\/#website","url":"https:\/\/www.thehotelputje.com\/fr\/","name":"Hotel Restaurant &#039;t Putje","description":"Hotel Restaurant &#039;t Putje","potentialAction":[{"@type":"SearchAction","target":{"@type":"EntryPoint","urlTemplate":"https:\/\/www.thehotelputje.com\/fr\/?s={search_term_string}"},"query-input":{"@type":"PropertyValueSpecification","valueRequired":true,"valueName":"search_term_string"}}],"inLanguage":"fr-FR"}]}},"_links":{"self":[{"href":"https:\/\/www.thehotelputje.com\/fr\/wp-json\/wp\/v2\/pages\/324","targetHints":{"allow":["GET"]}}],"collection":[{"href":"https:\/\/www.thehotelputje.com\/fr\/wp-json\/wp\/v2\/pages"}],"about":[{"href":"https:\/\/www.thehotelputje.com\/fr\/wp-json\/wp\/v2\/types\/page"}],"author":[{"embeddable":true,"href":"https:\/\/www.thehotelputje.com\/fr\/wp-json\/wp\/v2\/users\/1"}],"replies":[{"embeddable":true,"href":"https:\/\/www.thehotelputje.com\/fr\/wp-json\/wp\/v2\/comments?post=324"}],"version-history":[{"count":0,"href":"https:\/\/www.thehotelputje.com\/fr\/wp-json\/wp\/v2\/pages\/324\/revisions"}],"wp:attachment":[{"href":"https:\/\/www.thehotelputje.com\/fr\/wp-json\/wp\/v2\/media?parent=324"}],"curies":[{"name":"wp","href":"https:\/\/api.w.org\/{rel}","templated":true}]}}