{"id":337,"date":"2019-08-21T14:31:40","date_gmt":"2019-08-21T14:31:40","guid":{"rendered":"https:\/\/www.thehotelputje.com\/hotel\/"},"modified":"2023-07-12T09:40:50","modified_gmt":"2023-07-12T09:40:50","slug":"hotel","status":"publish","type":"page","link":"https:\/\/www.thehotelputje.com\/fr\/","title":{"rendered":"Hotel"},"content":{"rendered":"<div class=\"fusion-fullwidth fullwidth-box fusion-builder-row-1 nonhundred-percent-fullwidth non-hundred-percent-height-scrolling\" style=\"--awb-border-radius-top-left:0px;--awb-border-radius-top-right:0px;--awb-border-radius-bottom-right:0px;--awb-border-radius-bottom-left:0px;--awb-flex-wrap:wrap;\" ><div class=\"fusion-builder-row fusion-row\"><div class=\"fusion-layout-column fusion_builder_column fusion-builder-column-0 fusion_builder_column_1_3 1_3 fusion-one-third fusion-column-first\" style=\"--awb-bg-size:cover;width:33.3333333333%;width:calc(33.3333333333% - ( ( 4% ) * 0.333333333333 ) );margin-right: 4%;\"><div class=\"fusion-column-wrapper fusion-column-has-shadow fusion-flex-column-wrapper-legacy\"><div class=\"fusion-image-element in-legacy-container\" style=\"--awb-caption-title-font-family:var(--h2_typography-font-family);--awb-caption-title-font-weight:var(--h2_typography-font-weight);--awb-caption-title-font-style:var(--h2_typography-font-style);--awb-caption-title-size:var(--h2_typography-font-size);--awb-caption-title-transform:var(--h2_typography-text-transform);--awb-caption-title-line-height:var(--h2_typography-line-height);--awb-caption-title-letter-spacing:var(--h2_typography-letter-spacing);\"><span class=\" fusion-imageframe imageframe-none imageframe-1 hover-type-none\"><img decoding=\"async\" width=\"600\" height=\"394\" alt=\"superior-room-balcony\" title=\"thehotelputje-superior-room-balcony-02\" src=\"https:\/\/www.thehotelputje.com\/wp-content\/uploads\/2019\/08\/thehotelputje-superior-room-balcony-02-600x394.jpg\" class=\"img-responsive wp-image-407\" srcset=\"https:\/\/www.thehotelputje.com\/wp-content\/uploads\/2019\/08\/thehotelputje-superior-room-balcony-02-200x131.jpg 200w, https:\/\/www.thehotelputje.com\/wp-content\/uploads\/2019\/08\/thehotelputje-superior-room-balcony-02-400x262.jpg 400w, https:\/\/www.thehotelputje.com\/wp-content\/uploads\/2019\/08\/thehotelputje-superior-room-balcony-02-600x394.jpg 600w, https:\/\/www.thehotelputje.com\/wp-content\/uploads\/2019\/08\/thehotelputje-superior-room-balcony-02-800x525.jpg 800w, https:\/\/www.thehotelputje.com\/wp-content\/uploads\/2019\/08\/thehotelputje-superior-room-balcony-02-1200x787.jpg 1200w\" sizes=\"(max-width: 800px) 100vw, 400px\" \/><\/span><\/div><div class=\"fusion-clearfix\"><\/div><\/div><\/div><div class=\"fusion-layout-column fusion_builder_column fusion-builder-column-1 fusion_builder_column_2_3 2_3 fusion-two-third fusion-column-last\" style=\"--awb-bg-size:cover;width:66.6666666667%;width:calc(66.6666666667% - ( ( 4% ) * 0.666666666667 ) );\"><div class=\"fusion-column-wrapper fusion-column-has-shadow fusion-flex-column-wrapper-legacy\"><div class=\"fusion-text fusion-text-1\"><h1>Bienvenue \u00e0 l&rsquo;h\u00f4tel &lsquo;t Putje au centre de Bruges<\/h1>\n<p>Dans le centre-ville de Bruges, l&rsquo;h\u00f4tel &lsquo;t Putje est l&rsquo;endroit id\u00e9al pour commencer votre visite dans la partie m\u00e9di\u00e9vale de Bruges, site class\u00e9 au patrimoine mondial de l&rsquo;UNESCO. Cet h\u00f4tel 3 \u00e9toiles est situ\u00e9 dans le centre historique, en face du Concertgebouw, au c\u0153ur du centre des divertissements, \u00e0 quelques minutes \u00e0 pied du march\u00e9 Grote, du Beffroi de Bruges, de la place du march\u00e9 et \u00e0 quelques minutes \u00e0 pied de la gare ferroviaire.<\/p>\n<p>L&rsquo;h\u00f4tel &lsquo;t Putje dispose de 37 chambres r\u00e9cemment r\u00e9nov\u00e9es qui allient une d\u00e9coration contemporaine, au confort et au luxe.<\/p>\n<\/div><div class=\"fusion-clearfix\"><\/div><\/div><\/div><\/div><\/div>\n","protected":false},"excerpt":{"rendered":"","protected":false},"author":1,"featured_media":0,"parent":0,"menu_order":0,"comment_status":"closed","ping_status":"closed","template":"","meta":{"footnotes":""},"class_list":["post-337","page","type-page","status-publish","hentry"],"yoast_head":"<!-- This site is optimized with the Yoast SEO plugin v27.2 - https:\/\/yoast.com\/product\/yoast-seo-wordpress\/ -->\n<title>Hotel &#039;t Putje \u00e0 Bruges Centre Ville - R\u00e9servez en direct<\/title>\n<meta name=\"description\" content=\"Hotel &#039;t Putje est un hotel 3 \u00e9toiles situ\u00e9 au centre ville de Bruges. Parfait pour visiter la ville m\u00e9di\u00e9vale de Bruges en Belgique. Wi-fi gratuit.\" \/>\n<meta name=\"robots\" content=\"index, follow, max-snippet:-1, max-image-preview:large, max-video-preview:-1\" \/>\n<link rel=\"canonical\" href=\"https:\/\/www.thehotelputje.com\/fr\/\" \/>\n<meta property=\"og:locale\" content=\"fr_FR\" \/>\n<meta property=\"og:type\" content=\"article\" \/>\n<meta property=\"og:title\" content=\"Hotel &#039;t Putje \u00e0 Bruges Centre Ville - R\u00e9servez en direct\" \/>\n<meta property=\"og:description\" content=\"Hotel &#039;t Putje est un hotel 3 \u00e9toiles situ\u00e9 au centre ville de Bruges. Parfait pour visiter la ville m\u00e9di\u00e9vale de Bruges en Belgique. Wi-fi gratuit.\" \/>\n<meta property=\"og:url\" content=\"https:\/\/www.thehotelputje.com\/fr\/\" \/>\n<meta property=\"og:site_name\" content=\"Hotel Restaurant &#039;t Putje\" \/>\n<meta property=\"article:modified_time\" content=\"2023-07-12T09:40:50+00:00\" \/>\n<meta name=\"twitter:card\" content=\"summary_large_image\" \/>\n<meta name=\"twitter:label1\" content=\"Dur\u00e9e de lecture estim\u00e9e\" \/>\n\t<meta name=\"twitter:data1\" content=\"2 minutes\" \/>\n<script type=\"application\/ld+json\" class=\"yoast-schema-graph\">{\"@context\":\"https:\/\/schema.org\",\"@graph\":[{\"@type\":\"WebPage\",\"@id\":\"https:\/\/www.thehotelputje.com\/fr\/\",\"url\":\"https:\/\/www.thehotelputje.com\/fr\/\",\"name\":\"Hotel 't Putje \u00e0 Bruges Centre Ville - R\u00e9servez en direct\",\"isPartOf\":{\"@id\":\"https:\/\/www.thehotelputje.com\/fr\/#website\"},\"datePublished\":\"2019-08-21T14:31:40+00:00\",\"dateModified\":\"2023-07-12T09:40:50+00:00\",\"description\":\"Hotel 't Putje est un hotel 3 \u00e9toiles situ\u00e9 au centre ville de Bruges. Parfait pour visiter la ville m\u00e9di\u00e9vale de Bruges en Belgique. Wi-fi gratuit.\",\"breadcrumb\":{\"@id\":\"https:\/\/www.thehotelputje.com\/fr\/#breadcrumb\"},\"inLanguage\":\"fr-FR\",\"potentialAction\":[{\"@type\":\"ReadAction\",\"target\":[\"https:\/\/www.thehotelputje.com\/fr\/\"]}]},{\"@type\":\"BreadcrumbList\",\"@id\":\"https:\/\/www.thehotelputje.com\/fr\/#breadcrumb\",\"itemListElement\":[{\"@type\":\"ListItem\",\"position\":1,\"name\":\"Home\",\"item\":\"https:\/\/www.thehotelputje.com\/fr\/\"},{\"@type\":\"ListItem\",\"position\":2,\"name\":\"Hotel\"}]},{\"@type\":\"WebSite\",\"@id\":\"https:\/\/www.thehotelputje.com\/fr\/#website\",\"url\":\"https:\/\/www.thehotelputje.com\/fr\/\",\"name\":\"Hotel Restaurant &#039;t Putje\",\"description\":\"Hotel Restaurant &#039;t Putje\",\"potentialAction\":[{\"@type\":\"SearchAction\",\"target\":{\"@type\":\"EntryPoint\",\"urlTemplate\":\"https:\/\/www.thehotelputje.com\/fr\/?s={search_term_string}\"},\"query-input\":{\"@type\":\"PropertyValueSpecification\",\"valueRequired\":true,\"valueName\":\"search_term_string\"}}],\"inLanguage\":\"fr-FR\"}]}<\/script>\n<!-- \/ Yoast SEO plugin. -->","yoast_head_json":{"title":"Hotel 't Putje \u00e0 Bruges Centre Ville - R\u00e9servez en direct","description":"Hotel 't Putje est un hotel 3 \u00e9toiles situ\u00e9 au centre ville de Bruges. Parfait pour visiter la ville m\u00e9di\u00e9vale de Bruges en Belgique. Wi-fi gratuit.","robots":{"index":"index","follow":"follow","max-snippet":"max-snippet:-1","max-image-preview":"max-image-preview:large","max-video-preview":"max-video-preview:-1"},"canonical":"https:\/\/www.thehotelputje.com\/fr\/","og_locale":"fr_FR","og_type":"article","og_title":"Hotel 't Putje \u00e0 Bruges Centre Ville - R\u00e9servez en direct","og_description":"Hotel 't Putje est un hotel 3 \u00e9toiles situ\u00e9 au centre ville de Bruges. Parfait pour visiter la ville m\u00e9di\u00e9vale de Bruges en Belgique. Wi-fi gratuit.","og_url":"https:\/\/www.thehotelputje.com\/fr\/","og_site_name":"Hotel Restaurant &#039;t Putje","article_modified_time":"2023-07-12T09:40:50+00:00","twitter_card":"summary_large_image","twitter_misc":{"Dur\u00e9e de lecture estim\u00e9e":"2 minutes"},"schema":{"@context":"https:\/\/schema.org","@graph":[{"@type":"WebPage","@id":"https:\/\/www.thehotelputje.com\/fr\/","url":"https:\/\/www.thehotelputje.com\/fr\/","name":"Hotel 't Putje \u00e0 Bruges Centre Ville - R\u00e9servez en direct","isPartOf":{"@id":"https:\/\/www.thehotelputje.com\/fr\/#website"},"datePublished":"2019-08-21T14:31:40+00:00","dateModified":"2023-07-12T09:40:50+00:00","description":"Hotel 't Putje est un hotel 3 \u00e9toiles situ\u00e9 au centre ville de Bruges. Parfait pour visiter la ville m\u00e9di\u00e9vale de Bruges en Belgique. Wi-fi gratuit.","breadcrumb":{"@id":"https:\/\/www.thehotelputje.com\/fr\/#breadcrumb"},"inLanguage":"fr-FR","potentialAction":[{"@type":"ReadAction","target":["https:\/\/www.thehotelputje.com\/fr\/"]}]},{"@type":"BreadcrumbList","@id":"https:\/\/www.thehotelputje.com\/fr\/#breadcrumb","itemListElement":[{"@type":"ListItem","position":1,"name":"Home","item":"https:\/\/www.thehotelputje.com\/fr\/"},{"@type":"ListItem","position":2,"name":"Hotel"}]},{"@type":"WebSite","@id":"https:\/\/www.thehotelputje.com\/fr\/#website","url":"https:\/\/www.thehotelputje.com\/fr\/","name":"Hotel Restaurant &#039;t Putje","description":"Hotel Restaurant &#039;t Putje","potentialAction":[{"@type":"SearchAction","target":{"@type":"EntryPoint","urlTemplate":"https:\/\/www.thehotelputje.com\/fr\/?s={search_term_string}"},"query-input":{"@type":"PropertyValueSpecification","valueRequired":true,"valueName":"search_term_string"}}],"inLanguage":"fr-FR"}]}},"_links":{"self":[{"href":"https:\/\/www.thehotelputje.com\/fr\/wp-json\/wp\/v2\/pages\/337","targetHints":{"allow":["GET"]}}],"collection":[{"href":"https:\/\/www.thehotelputje.com\/fr\/wp-json\/wp\/v2\/pages"}],"about":[{"href":"https:\/\/www.thehotelputje.com\/fr\/wp-json\/wp\/v2\/types\/page"}],"author":[{"embeddable":true,"href":"https:\/\/www.thehotelputje.com\/fr\/wp-json\/wp\/v2\/users\/1"}],"replies":[{"embeddable":true,"href":"https:\/\/www.thehotelputje.com\/fr\/wp-json\/wp\/v2\/comments?post=337"}],"version-history":[{"count":0,"href":"https:\/\/www.thehotelputje.com\/fr\/wp-json\/wp\/v2\/pages\/337\/revisions"}],"wp:attachment":[{"href":"https:\/\/www.thehotelputje.com\/fr\/wp-json\/wp\/v2\/media?parent=337"}],"curies":[{"name":"wp","href":"https:\/\/api.w.org\/{rel}","templated":true}]}}