{"id":343,"date":"2019-10-29T09:48:01","date_gmt":"2019-10-29T09:48:01","guid":{"rendered":"https:\/\/www.thehotelputje.com\/booking-conditions\/"},"modified":"2025-01-21T07:49:50","modified_gmt":"2025-01-21T07:49:50","slug":"conditions-de-reservation","status":"publish","type":"page","link":"https:\/\/www.thehotelputje.com\/fr\/conditions-de-reservation\/","title":{"rendered":"Conditions de R\u00e9servation"},"content":{"rendered":"<div class=\"fusion-fullwidth fullwidth-box fusion-builder-row-1 nonhundred-percent-fullwidth non-hundred-percent-height-scrolling\" style=\"--awb-border-radius-top-left:0px;--awb-border-radius-top-right:0px;--awb-border-radius-bottom-right:0px;--awb-border-radius-bottom-left:0px;--awb-flex-wrap:wrap;\" ><div class=\"fusion-builder-row fusion-row\"><div class=\"fusion-layout-column fusion_builder_column fusion-builder-column-0 fusion_builder_column_1_1 1_1 fusion-one-full fusion-column-first fusion-column-last\" style=\"--awb-bg-size:cover;\"><div class=\"fusion-column-wrapper fusion-column-has-shadow fusion-flex-column-wrapper-legacy\"><div class=\"fusion-title title fusion-title-1 fusion-title-text fusion-title-size-one\"><h1 class=\"fusion-title-heading title-heading-left\" style=\"margin:0;\">Conditions de R\u00e9servation<\/h1><span class=\"awb-title-spacer\"><\/span><div class=\"title-sep-container\"><div class=\"title-sep sep-double sep-solid\" style=\"border-color:#e0dede;\"><\/div><\/div><\/div><div class=\"fusion-text fusion-text-1 awb-text-cols fusion-text-columns-2\" style=\"--awb-columns:2;--awb-column-spacing:40px;--awb-column-min-width:100px;--awb-rule-style:1px solid var(--awb-color3);\"><p><i class=\"fas fa-suitcase-rolling\" style=\"color: #bd132f;\"><\/i> <strong>Enregistrement:<\/strong><br \/>\nVous pouvez vous enregistrer \u00e0 partir de 14:30h. La r\u00e9ception est ouverte 24h \/ 24.<\/p>\n<p><i class=\"fas fa-key\" style=\"color: #bd132f;\"><\/i> <strong>Check-out:<\/strong><br \/>\nCheck-out doit \u00eatre r\u00e9alis\u00e9 avant 11h.<\/p>\n<p><i class=\"fas fa-coffee\" style=\"color: #bd132f;\"><\/i><strong>Petit d\u00e9jeuner :<\/strong><br \/>\nDu lundi au dimanche, nous servons un d\u00e9licieux petit-d\u00e9jeuner buffet de 7h \u00e0 10h pour 14,50 \u20ac.<\/p>\n<p><i class=\"fas fa-wifi\" style=\"color: #bd132f;\"><\/i> <strong>Internet:<\/strong><br \/>\nNous vous proposons un acc\u00e8s Internet sans fil gratuit dans tout l&rsquo;h\u00f4tel.<\/p>\n<p><i class=\"fas fa-credit-card\" style=\"color: #bd132f;\"><\/i> <strong>Paiement:<\/strong><br \/>\nCartes: Mastercard, Visa, Amex et Maestro, ou en esp\u00e8ces.<br \/>\nAu cas o\u00f9 nous ne recevrions pas les d\u00e9tails de votre carte de cr\u00e9dit, nous pourrions, en fonction de l&rsquo;occupation, d\u00e9cider d&rsquo;annuler votre r\u00e9servation le jour de votre arriv\u00e9e.<\/p>\n<p><i class=\"fas fa-window-close\" style=\"color: #bd132f;\"><\/i> <strong>Politique d&rsquo;annulation :<\/strong><br \/>\nMEILLEUR TARIF FLEXIBLE &#8211; r\u00e9servations : Vous pouvez annuler votre r\u00e9servation sans frais jusqu&rsquo;\u00e0 2 jours avant votre arriv\u00e9e. Le montant total vous sera factur\u00e9 si vous annulez dans les 2 jours pr\u00e9c\u00e9dant votre arriv\u00e9e. Le prix total de la chambre et la taxe de s\u00e9jour de 4 \u20ac par personne et par nuit seront factur\u00e9es 2 jours avant l&rsquo;arriv\u00e9e<\/p>\n<p>NON REMBOURSABLE- r\u00e9servations : Aucun changement possible. En cas d&rsquo;annulation, de modification ou en cas de non-pr\u00e9sentation, le prix total de la r\u00e9servation sera d\u00e9bit\u00e9. Le prix total de la chambre et la taxe de s\u00e9jour de 4 \u20ac par personne et par nuit seront factur\u00e9s au moment de la r\u00e9servation.<\/p>\n<p><i class=\"fas fa-money-check-alt\" style=\"color: #bd132f;\"><\/i><strong>Taxe de s\u00e9jour:<\/strong><br \/>\nLa taxe de s\u00e9jour \u00e0 Bruges est de 4 \u20ac par personne et par nuit. Ce montant sera factur\u00e9 avec le prix de la chambre<\/p>\n<p><i class=\"fa-users fas\" style=\"color: #bd132f;\"><\/i> <strong>Groupes<\/strong><br \/>\nSi vous r\u00e9servez plus de 4 chambres, des r\u00e8gles diff\u00e9rentes et des frais suppl\u00e9mentaires peuvent s&rsquo;appliquer.<\/p>\n<\/div><div class=\"fusion-clearfix\"><\/div><\/div><\/div><\/div><\/div>\n","protected":false},"excerpt":{"rendered":"","protected":false},"author":1,"featured_media":0,"parent":0,"menu_order":0,"comment_status":"closed","ping_status":"closed","template":"","meta":{"footnotes":""},"class_list":["post-343","page","type-page","status-publish","hentry"],"yoast_head":"<!-- This site is optimized with the Yoast SEO plugin v27.2 - https:\/\/yoast.com\/product\/yoast-seo-wordpress\/ -->\n<title>Conditions de R\u00e9servation - H\u00f2tel Restaurant &#039;t Putje \u00e0 Bruges, Belgique<\/title>\n<meta name=\"description\" content=\"Conditions de r\u00e9servation sur le site officiel de l&#039;H\u00f4tel Restaurant &#039;t Putje situ\u00e9 au centre-ville de Bruges. Enregistrement, check-out, paiement...\" \/>\n<meta name=\"robots\" content=\"index, follow, max-snippet:-1, max-image-preview:large, max-video-preview:-1\" \/>\n<link rel=\"canonical\" href=\"https:\/\/www.thehotelputje.com\/fr\/conditions-de-reservation\/\" \/>\n<meta property=\"og:locale\" content=\"fr_FR\" \/>\n<meta property=\"og:type\" content=\"article\" \/>\n<meta property=\"og:title\" content=\"Conditions de R\u00e9servation - H\u00f2tel Restaurant &#039;t Putje \u00e0 Bruges, Belgique\" \/>\n<meta property=\"og:description\" content=\"Conditions de r\u00e9servation sur le site officiel de l&#039;H\u00f4tel Restaurant &#039;t Putje situ\u00e9 au centre-ville de Bruges. Enregistrement, check-out, paiement...\" \/>\n<meta property=\"og:url\" content=\"https:\/\/www.thehotelputje.com\/fr\/conditions-de-reservation\/\" \/>\n<meta property=\"og:site_name\" content=\"Hotel Restaurant &#039;t Putje\" \/>\n<meta property=\"article:modified_time\" content=\"2025-01-21T07:49:50+00:00\" \/>\n<meta name=\"twitter:card\" content=\"summary_large_image\" \/>\n<meta name=\"twitter:label1\" content=\"Dur\u00e9e de lecture estim\u00e9e\" \/>\n\t<meta name=\"twitter:data1\" content=\"2 minutes\" \/>\n<script type=\"application\/ld+json\" class=\"yoast-schema-graph\">{\"@context\":\"https:\/\/schema.org\",\"@graph\":[{\"@type\":\"WebPage\",\"@id\":\"https:\/\/www.thehotelputje.com\/fr\/conditions-de-reservation\/\",\"url\":\"https:\/\/www.thehotelputje.com\/fr\/conditions-de-reservation\/\",\"name\":\"Conditions de R\u00e9servation - H\u00f2tel Restaurant 't Putje \u00e0 Bruges, Belgique\",\"isPartOf\":{\"@id\":\"https:\/\/www.thehotelputje.com\/fr\/#website\"},\"datePublished\":\"2019-10-29T09:48:01+00:00\",\"dateModified\":\"2025-01-21T07:49:50+00:00\",\"description\":\"Conditions de r\u00e9servation sur le site officiel de l'H\u00f4tel Restaurant 't Putje situ\u00e9 au centre-ville de Bruges. Enregistrement, check-out, paiement...\",\"breadcrumb\":{\"@id\":\"https:\/\/www.thehotelputje.com\/fr\/conditions-de-reservation\/#breadcrumb\"},\"inLanguage\":\"fr-FR\",\"potentialAction\":[{\"@type\":\"ReadAction\",\"target\":[\"https:\/\/www.thehotelputje.com\/fr\/conditions-de-reservation\/\"]}]},{\"@type\":\"BreadcrumbList\",\"@id\":\"https:\/\/www.thehotelputje.com\/fr\/conditions-de-reservation\/#breadcrumb\",\"itemListElement\":[{\"@type\":\"ListItem\",\"position\":1,\"name\":\"Home\",\"item\":\"https:\/\/www.thehotelputje.com\/fr\/\"},{\"@type\":\"ListItem\",\"position\":2,\"name\":\"Conditions de R\u00e9servation\"}]},{\"@type\":\"WebSite\",\"@id\":\"https:\/\/www.thehotelputje.com\/fr\/#website\",\"url\":\"https:\/\/www.thehotelputje.com\/fr\/\",\"name\":\"Hotel Restaurant &#039;t Putje\",\"description\":\"Hotel Restaurant &#039;t Putje\",\"potentialAction\":[{\"@type\":\"SearchAction\",\"target\":{\"@type\":\"EntryPoint\",\"urlTemplate\":\"https:\/\/www.thehotelputje.com\/fr\/?s={search_term_string}\"},\"query-input\":{\"@type\":\"PropertyValueSpecification\",\"valueRequired\":true,\"valueName\":\"search_term_string\"}}],\"inLanguage\":\"fr-FR\"}]}<\/script>\n<!-- \/ Yoast SEO plugin. -->","yoast_head_json":{"title":"Conditions de R\u00e9servation - H\u00f2tel Restaurant 't Putje \u00e0 Bruges, Belgique","description":"Conditions de r\u00e9servation sur le site officiel de l'H\u00f4tel Restaurant 't Putje situ\u00e9 au centre-ville de Bruges. Enregistrement, check-out, paiement...","robots":{"index":"index","follow":"follow","max-snippet":"max-snippet:-1","max-image-preview":"max-image-preview:large","max-video-preview":"max-video-preview:-1"},"canonical":"https:\/\/www.thehotelputje.com\/fr\/conditions-de-reservation\/","og_locale":"fr_FR","og_type":"article","og_title":"Conditions de R\u00e9servation - H\u00f2tel Restaurant 't Putje \u00e0 Bruges, Belgique","og_description":"Conditions de r\u00e9servation sur le site officiel de l'H\u00f4tel Restaurant 't Putje situ\u00e9 au centre-ville de Bruges. Enregistrement, check-out, paiement...","og_url":"https:\/\/www.thehotelputje.com\/fr\/conditions-de-reservation\/","og_site_name":"Hotel Restaurant &#039;t Putje","article_modified_time":"2025-01-21T07:49:50+00:00","twitter_card":"summary_large_image","twitter_misc":{"Dur\u00e9e de lecture estim\u00e9e":"2 minutes"},"schema":{"@context":"https:\/\/schema.org","@graph":[{"@type":"WebPage","@id":"https:\/\/www.thehotelputje.com\/fr\/conditions-de-reservation\/","url":"https:\/\/www.thehotelputje.com\/fr\/conditions-de-reservation\/","name":"Conditions de R\u00e9servation - H\u00f2tel Restaurant 't Putje \u00e0 Bruges, Belgique","isPartOf":{"@id":"https:\/\/www.thehotelputje.com\/fr\/#website"},"datePublished":"2019-10-29T09:48:01+00:00","dateModified":"2025-01-21T07:49:50+00:00","description":"Conditions de r\u00e9servation sur le site officiel de l'H\u00f4tel Restaurant 't Putje situ\u00e9 au centre-ville de Bruges. Enregistrement, check-out, paiement...","breadcrumb":{"@id":"https:\/\/www.thehotelputje.com\/fr\/conditions-de-reservation\/#breadcrumb"},"inLanguage":"fr-FR","potentialAction":[{"@type":"ReadAction","target":["https:\/\/www.thehotelputje.com\/fr\/conditions-de-reservation\/"]}]},{"@type":"BreadcrumbList","@id":"https:\/\/www.thehotelputje.com\/fr\/conditions-de-reservation\/#breadcrumb","itemListElement":[{"@type":"ListItem","position":1,"name":"Home","item":"https:\/\/www.thehotelputje.com\/fr\/"},{"@type":"ListItem","position":2,"name":"Conditions de R\u00e9servation"}]},{"@type":"WebSite","@id":"https:\/\/www.thehotelputje.com\/fr\/#website","url":"https:\/\/www.thehotelputje.com\/fr\/","name":"Hotel Restaurant &#039;t Putje","description":"Hotel Restaurant &#039;t Putje","potentialAction":[{"@type":"SearchAction","target":{"@type":"EntryPoint","urlTemplate":"https:\/\/www.thehotelputje.com\/fr\/?s={search_term_string}"},"query-input":{"@type":"PropertyValueSpecification","valueRequired":true,"valueName":"search_term_string"}}],"inLanguage":"fr-FR"}]}},"_links":{"self":[{"href":"https:\/\/www.thehotelputje.com\/fr\/wp-json\/wp\/v2\/pages\/343","targetHints":{"allow":["GET"]}}],"collection":[{"href":"https:\/\/www.thehotelputje.com\/fr\/wp-json\/wp\/v2\/pages"}],"about":[{"href":"https:\/\/www.thehotelputje.com\/fr\/wp-json\/wp\/v2\/types\/page"}],"author":[{"embeddable":true,"href":"https:\/\/www.thehotelputje.com\/fr\/wp-json\/wp\/v2\/users\/1"}],"replies":[{"embeddable":true,"href":"https:\/\/www.thehotelputje.com\/fr\/wp-json\/wp\/v2\/comments?post=343"}],"version-history":[{"count":0,"href":"https:\/\/www.thehotelputje.com\/fr\/wp-json\/wp\/v2\/pages\/343\/revisions"}],"wp:attachment":[{"href":"https:\/\/www.thehotelputje.com\/fr\/wp-json\/wp\/v2\/media?parent=343"}],"curies":[{"name":"wp","href":"https:\/\/api.w.org\/{rel}","templated":true}]}}